{"id":2122,"date":"2024-01-07T12:00:22","date_gmt":"2024-01-07T11:00:22","guid":{"rendered":"https:\/\/www.blomberger-buendnis.org\/?page_id=2122"},"modified":"2024-01-13T15:34:32","modified_gmt":"2024-01-13T14:34:32","slug":"informationssammlung","status":"publish","type":"page","link":"https:\/\/www.blomberger-buendnis.org\/index.php\/informationssammlung\/","title":{"rendered":"Informationssammlung"},"content":{"rendered":"\t\t<div data-elementor-type=\"wp-page\" data-elementor-id=\"2122\" class=\"elementor elementor-2122\">\n\t\t\t\t\t\t<section class=\"elementor-section elementor-top-section elementor-element elementor-element-2fa64994 elementor-section-boxed elementor-section-height-default elementor-section-height-default\" data-id=\"2fa64994\" data-element_type=\"section\" data-e-type=\"section\">\n\t\t\t\t\t\t<div class=\"elementor-container elementor-column-gap-default\">\n\t\t\t\t\t<div class=\"elementor-column elementor-col-100 elementor-top-column elementor-element elementor-element-6fe641e4\" data-id=\"6fe641e4\" data-element_type=\"column\" data-e-type=\"column\">\n\t\t\t<div class=\"elementor-widget-wrap elementor-element-populated\">\n\t\t\t\t\t\t<div class=\"elementor-element elementor-element-d2caaab elementor-widget elementor-widget-heading\" data-id=\"d2caaab\" data-element_type=\"widget\" data-e-type=\"widget\" data-widget_type=\"heading.default\">\n\t\t\t\t<div class=\"elementor-widget-container\">\n\t\t\t\t\t<h1 class=\"elementor-heading-title elementor-size-default\">Informationssammlung<\/h1>\t\t\t\t<\/div>\n\t\t\t\t<\/div>\n\t\t\t\t<div class=\"elementor-element elementor-element-d490f37 elementor-widget elementor-widget-text-editor\" data-id=\"d490f37\" data-element_type=\"widget\" data-e-type=\"widget\" data-widget_type=\"text-editor.default\">\n\t\t\t\t<div class=\"elementor-widget-container\">\n\t\t\t\t\t\t\t\t\t<p>Auf dieser Seite sammeln wir Informationen zu Themen, die im Kontext des Blomberger B\u00fcndnisses relevant sind. Wir verzichten dabei bewusst auf eigene Formulierungen und verwenden ausschlie\u00dflich Zitate aus verl\u00e4sslichen Quellen.<\/p>\t\t\t\t\t\t\t\t<\/div>\n\t\t\t\t<\/div>\n\t\t\t\t\t<\/div>\n\t\t<\/div>\n\t\t\t\t\t<\/div>\n\t\t<\/section>\n\t\t\t\t<section class=\"elementor-section elementor-top-section elementor-element elementor-element-1d013bd elementor-section-boxed elementor-section-height-default elementor-section-height-default\" data-id=\"1d013bd\" data-element_type=\"section\" data-e-type=\"section\">\n\t\t\t\t\t\t<div class=\"elementor-container elementor-column-gap-default\">\n\t\t\t\t\t<div class=\"elementor-column elementor-col-100 elementor-top-column elementor-element elementor-element-efabe14\" data-id=\"efabe14\" data-element_type=\"column\" data-e-type=\"column\">\n\t\t\t<div class=\"elementor-widget-wrap elementor-element-populated\">\n\t\t\t\t\t\t<div class=\"elementor-element elementor-element-0e79af9 elementor-widget elementor-widget-accordion\" data-id=\"0e79af9\" data-element_type=\"widget\" data-e-type=\"widget\" data-widget_type=\"accordion.default\">\n\t\t\t\t<div class=\"elementor-widget-container\">\n\t\t\t\t\t\t\t<div class=\"elementor-accordion\">\n\t\t\t\t\t\t\t<div class=\"elementor-accordion-item\">\n\t\t\t\t\t<div id=\"elementor-tab-title-1511\" class=\"elementor-tab-title\" data-tab=\"1\" role=\"button\" aria-controls=\"elementor-tab-content-1511\" aria-expanded=\"false\">\n\t\t\t\t\t\t\t\t\t\t\t\t\t<span class=\"elementor-accordion-icon elementor-accordion-icon-left\" aria-hidden=\"true\">\n\t\t\t\t\t\t\t\t\t\t\t\t\t\t\t<span class=\"elementor-accordion-icon-closed\"><i class=\"fas fa-plus\"><\/i><\/span>\n\t\t\t\t\t\t\t\t<span class=\"elementor-accordion-icon-opened\"><i class=\"fas fa-minus\"><\/i><\/span>\n\t\t\t\t\t\t\t\t\t\t\t\t\t\t<\/span>\n\t\t\t\t\t\t\t\t\t\t\t\t<a class=\"elementor-accordion-title\" tabindex=\"0\">wissenschaftliche Definition von Rechtsextremismus<\/a>\n\t\t\t\t\t<\/div>\n\t\t\t\t\t<div id=\"elementor-tab-content-1511\" class=\"elementor-tab-content elementor-clearfix\" data-tab=\"1\" role=\"region\" aria-labelledby=\"elementor-tab-title-1511\">Das Glossar der Bundeszentrale f\u00fcr politische Bildung erkl\u00e4rt \u00fcbersichtlich die Rahmenbedingungen von Rechtsextremismus. Es gibt die Definition von Rechtsextremismus, die von elf f\u00fchrenden Sozialwissenschaftern entwickelt wurde, wieder: <i>&#8222;Der Rechtsextremismus ist ein Einstellungsmuster, dessen verbindendes Kennzeichen Ungleichwertigkeitsvorstellungen darstellen. Diese \u00e4u\u00dfern sich im politischen Bereich in der Affinit\u00e4t zu diktatorischen Regierungsformen, chauvinistischen Einstellungen und einer Verharmlosung bzw. Rechtfertigung des Nationalsozialismus. Im sozialen Bereich sind sie gekennzeichnet durch antisemitische, fremdenfeindliche und sozialdarwinistische Einstellungen&#8220;<\/i><sup><a href=\"https:\/\/www.bpb.de\/themen\/rechtsextremismus\/dossier-rechtsextremismus\/500806\/rechtsextremismus\/\" target=\"_blank\" rel=\"nofollow noopener\">[1]<\/a><\/sup>.\n\nZudem wird an anderer Stelle zusammengefasst: <i>&#8222;Generell gilt: Rechtsextremisten lehnen die freiheitliche demokratische Grundordnung ab und wollen \u2212 auch unter Anwendung von Gewalt \u2212 ein autorit\u00e4res oder gar totalit\u00e4res staatliches System errichten, in dem nationalistisches und rassistisches Gedankengut die Grundlage der Gesellschaftsordnung bilden sollen.&#8220;<\/i><sup><a href=\"https:\/\/www.bpb.de\/themen\/rechtsextremismus\/dossier-rechtsextremismus\/41312\/wann-spricht-man-von-rechtsextremismus-rechtsradikalismus-oder-neonazismus\/\" target=\"_blank\" rel=\"nofollow noopener\">[2]<\/a><\/sup><\/div>\n\t\t\t\t<\/div>\n\t\t\t\t\t\t\t<div class=\"elementor-accordion-item\">\n\t\t\t\t\t<div id=\"elementor-tab-title-1512\" class=\"elementor-tab-title\" data-tab=\"2\" role=\"button\" aria-controls=\"elementor-tab-content-1512\" aria-expanded=\"false\">\n\t\t\t\t\t\t\t\t\t\t\t\t\t<span class=\"elementor-accordion-icon elementor-accordion-icon-left\" aria-hidden=\"true\">\n\t\t\t\t\t\t\t\t\t\t\t\t\t\t\t<span class=\"elementor-accordion-icon-closed\"><i class=\"fas fa-plus\"><\/i><\/span>\n\t\t\t\t\t\t\t\t<span class=\"elementor-accordion-icon-opened\"><i class=\"fas fa-minus\"><\/i><\/span>\n\t\t\t\t\t\t\t\t\t\t\t\t\t\t<\/span>\n\t\t\t\t\t\t\t\t\t\t\t\t<a class=\"elementor-accordion-title\" tabindex=\"0\">Symbole des Rechtsextremismus und verbotene Organisationen<\/a>\n\t\t\t\t\t<\/div>\n\t\t\t\t\t<div id=\"elementor-tab-content-1512\" class=\"elementor-tab-content elementor-clearfix\" data-tab=\"2\" role=\"region\" aria-labelledby=\"elementor-tab-title-1512\">Der Verfassungsschutz gibt in seiner Publikation <a href=\"https:\/\/www.verfassungsschutz.de\/SharedDocs\/publikationen\/DE\/rechtsextremismus\/2022-02-rechtsextremismus-symbole-zeichen-organisationen.pdf?__blob=publicationFile&amp;v=12\" target=\"_blank\" rel=\"nofollow\">&#8222;Rechtsextremismus: Symbole, Zeichen und verbotene Organisationen&#8220;<\/a> Aufschluss \u00fcber verbotene und nicht verbotene Symbole und Erkennungsmerkmale von Rechtsextremist*innen.<\/div>\n\t\t\t\t<\/div>\n\t\t\t\t\t\t\t<div class=\"elementor-accordion-item\">\n\t\t\t\t\t<div id=\"elementor-tab-title-1513\" class=\"elementor-tab-title\" data-tab=\"3\" role=\"button\" aria-controls=\"elementor-tab-content-1513\" aria-expanded=\"false\">\n\t\t\t\t\t\t\t\t\t\t\t\t\t<span class=\"elementor-accordion-icon elementor-accordion-icon-left\" aria-hidden=\"true\">\n\t\t\t\t\t\t\t\t\t\t\t\t\t\t\t<span class=\"elementor-accordion-icon-closed\"><i class=\"fas fa-plus\"><\/i><\/span>\n\t\t\t\t\t\t\t\t<span class=\"elementor-accordion-icon-opened\"><i class=\"fas fa-minus\"><\/i><\/span>\n\t\t\t\t\t\t\t\t\t\t\t\t\t\t<\/span>\n\t\t\t\t\t\t\t\t\t\t\t\t<a class=\"elementor-accordion-title\" tabindex=\"0\">Gruppenbezogene Menschenfeindlichkeit<\/a>\n\t\t\t\t\t<\/div>\n\t\t\t\t\t<div id=\"elementor-tab-content-1513\" class=\"elementor-tab-content elementor-clearfix\" data-tab=\"3\" role=\"region\" aria-labelledby=\"elementor-tab-title-1513\">Die Bundeszentrale f\u00fcr politische Bildung gibt <a href=\"https:\/\/www.bpb.de\/themen\/rechtsextremismus\/dossier-rechtsextremismus\/214192\/gruppenbezogene-menschenfeindlichkeit\/\" target=\"_blank\" rel=\"nofollow\">hier<\/a> einen \u00dcberblick der Bedeutung und Folge gruppenbezogener Menschenfeindlichkeit (GMF), also der Abwertung von sozialen Gruppen anhand eines gemeinsamen Merkmals: z.B. Schwule, Juden, Obdachlose. Dabei stellt die Bundeszentrale heraus, dass <i>&#8222;die Abwertung einer Gruppe [&#8230;] Hand in Hand mit der Abwertung anderer Gruppen [geht]&#8220;<\/i>.<\/div>\n\t\t\t\t<\/div>\n\t\t\t\t\t\t\t<div class=\"elementor-accordion-item\">\n\t\t\t\t\t<div id=\"elementor-tab-title-1514\" class=\"elementor-tab-title\" data-tab=\"4\" role=\"button\" aria-controls=\"elementor-tab-content-1514\" aria-expanded=\"false\">\n\t\t\t\t\t\t\t\t\t\t\t\t\t<span class=\"elementor-accordion-icon elementor-accordion-icon-left\" aria-hidden=\"true\">\n\t\t\t\t\t\t\t\t\t\t\t\t\t\t\t<span class=\"elementor-accordion-icon-closed\"><i class=\"fas fa-plus\"><\/i><\/span>\n\t\t\t\t\t\t\t\t<span class=\"elementor-accordion-icon-opened\"><i class=\"fas fa-minus\"><\/i><\/span>\n\t\t\t\t\t\t\t\t\t\t\t\t\t\t<\/span>\n\t\t\t\t\t\t\t\t\t\t\t\t<a class=\"elementor-accordion-title\" tabindex=\"0\">Rechte vs. linke Gewalt<\/a>\n\t\t\t\t\t<\/div>\n\t\t\t\t\t<div id=\"elementor-tab-content-1514\" class=\"elementor-tab-content elementor-clearfix\" data-tab=\"4\" role=\"region\" aria-labelledby=\"elementor-tab-title-1514\">Laut der Bundeszentrale f\u00fcr politische Bildung muss bei der Bewertung von linker und rechter Gewalt genau hingeschaut werden: <i>&#8222;Es gab 3.847 linksextremistische, daf\u00fcr aber 20.967 rechtsextremistische Straftaten. Daraus l\u00e4sst sich aber nur eingeschr\u00e4nkt ein h\u00f6heres Gefahrenpotential im Rechtsextremismus ableiten, da hier hohe Anteile von nur im Rechtsextremismus m\u00f6gliche Straftaten enthalten sind.&#8220;<\/i><\/br>\nAber: <i>&#8222;Differenzierungen bedarf es [&#8230;] hinsichtlich der Gewalttatenanteile [&#8230;] bezogen auf die qualitative und quantitative Dimension: [&#8230;] im linksextremistischen Bereich waren es 362, im rechtsextremistischen Bereich 783 F\u00e4lle [von K\u00f6rperverletzung].&#8220;<\/i><\/br>\nUnd als Fazit wird formuliert: <i>&#8222;Es bedarf einer differenzierten Betrachtung [&#8230;] sind doch [Gewalttaten] folgenreicher f\u00fcr die jeweiligen Opfer.&#8220;<\/i><sup><a href=\"https:\/\/www.bpb.de\/themen\/linksextremismus\/dossier-linksextremismus\/523927\/links-und-rechtsextremistische-straftaten-im-vergleich\/\" target=\"_blank\" rel=\"nofollow noopener\">[1]<\/a><\/sup><\/div>\n\t\t\t\t<\/div>\n\t\t\t\t\t\t\t<div class=\"elementor-accordion-item\">\n\t\t\t\t\t<div id=\"elementor-tab-title-1515\" class=\"elementor-tab-title\" data-tab=\"5\" role=\"button\" aria-controls=\"elementor-tab-content-1515\" aria-expanded=\"false\">\n\t\t\t\t\t\t\t\t\t\t\t\t\t<span class=\"elementor-accordion-icon elementor-accordion-icon-left\" aria-hidden=\"true\">\n\t\t\t\t\t\t\t\t\t\t\t\t\t\t\t<span class=\"elementor-accordion-icon-closed\"><i class=\"fas fa-plus\"><\/i><\/span>\n\t\t\t\t\t\t\t\t<span class=\"elementor-accordion-icon-opened\"><i class=\"fas fa-minus\"><\/i><\/span>\n\t\t\t\t\t\t\t\t\t\t\t\t\t\t<\/span>\n\t\t\t\t\t\t\t\t\t\t\t\t<a class=\"elementor-accordion-title\" tabindex=\"0\">Rechtsextremismus in NRW<\/a>\n\t\t\t\t\t<\/div>\n\t\t\t\t\t<div id=\"elementor-tab-content-1515\" class=\"elementor-tab-content elementor-clearfix\" data-tab=\"5\" role=\"region\" aria-labelledby=\"elementor-tab-title-1515\">Die Antwort auf die Gro\u00dfe Anfrage der Gr\u00fcnen Fraktion im Landtag NRW 2020 gibt einen guten \u00dcberblick von Rechtsextremismus in NRW. Auf Seite 117 wird Tim Kellner als Host seiner rechtsextremen Plattform behandelt: <i>&#8222;3. Welche Rolle kommt den eigens von Rechtsextremen betriebenen Internetplattformen, Internetkan\u00e4len und Netzwerken, insbesondere den unten aufgelisteten Medien zu?<\/br>\n[&#8230;]<\/br>\nb. Tim Kellner Bei Tim Kellner handelt es sich um einen ehemaligen Polizisten und amtierenden Pr\u00e4sidenten des \u201eMC Brother Saltcity\u201c, der insbesondere auf den Plattformen Facebook und Youtube vertreten ist. Kellner ver\u00f6ffentlicht fast t\u00e4glich Videos bei Youtube, in denen er tagespolitische Themen vermeintlich satirisch kommentiert. Seine Videos werden durchschnittlich 200.000 mal aufgerufen. Mit knapp 230.000 Abonnenten auf Youtube erzielt Kellner damit eine vergleichsweise hohe Breitenwirkung. &#8222;<\/i><sup><a href=\"https:\/\/www.landtag.nrw.de\/portal\/WWW\/dokumentenarchiv\/Dokument\/MMD17-11081.pdf\" target=\"_new\" rel=\"nofollow\">[1]<\/a><\/sup><\/div>\n\t\t\t\t<\/div>\n\t\t\t\t\t\t\t<div class=\"elementor-accordion-item\">\n\t\t\t\t\t<div id=\"elementor-tab-title-1516\" class=\"elementor-tab-title\" data-tab=\"6\" role=\"button\" aria-controls=\"elementor-tab-content-1516\" aria-expanded=\"false\">\n\t\t\t\t\t\t\t\t\t\t\t\t\t<span class=\"elementor-accordion-icon elementor-accordion-icon-left\" aria-hidden=\"true\">\n\t\t\t\t\t\t\t\t\t\t\t\t\t\t\t<span class=\"elementor-accordion-icon-closed\"><i class=\"fas fa-plus\"><\/i><\/span>\n\t\t\t\t\t\t\t\t<span class=\"elementor-accordion-icon-opened\"><i class=\"fas fa-minus\"><\/i><\/span>\n\t\t\t\t\t\t\t\t\t\t\t\t\t\t<\/span>\n\t\t\t\t\t\t\t\t\t\t\t\t<a class=\"elementor-accordion-title\" tabindex=\"0\">Rechtsextremismus in OWL<\/a>\n\t\t\t\t\t<\/div>\n\t\t\t\t\t<div id=\"elementor-tab-content-1516\" class=\"elementor-tab-content elementor-clearfix\" data-tab=\"6\" role=\"region\" aria-labelledby=\"elementor-tab-title-1516\">Die Mobile Beratung gegen Rechtsextremismus geht in ihrer Handreichung <a href=\"https:\/\/bundesverband-mobile-beratung.de\/wp-content\/uploads\/2021\/05\/2020-MBR-OWL-Handreichung-Perspektiven-Auseinandersetzungen-mit-alltaeglichem-Rassismus-und-der-extremen-Rechten-in-Ostwestfalen-Lippe.pdf\" target=\"_blank\" rel=\"nofollow\">&#8222;Perspektiven&#8220;<\/a> auf den Seites 48ff auf die extreme Rechte in Ostwestfalen Lippe ein.<\/div>\n\t\t\t\t<\/div>\n\t\t\t\t\t\t\t<div class=\"elementor-accordion-item\">\n\t\t\t\t\t<div id=\"elementor-tab-title-1517\" class=\"elementor-tab-title\" data-tab=\"7\" role=\"button\" aria-controls=\"elementor-tab-content-1517\" aria-expanded=\"false\">\n\t\t\t\t\t\t\t\t\t\t\t\t\t<span class=\"elementor-accordion-icon elementor-accordion-icon-left\" aria-hidden=\"true\">\n\t\t\t\t\t\t\t\t\t\t\t\t\t\t\t<span class=\"elementor-accordion-icon-closed\"><i class=\"fas fa-plus\"><\/i><\/span>\n\t\t\t\t\t\t\t\t<span class=\"elementor-accordion-icon-opened\"><i class=\"fas fa-minus\"><\/i><\/span>\n\t\t\t\t\t\t\t\t\t\t\t\t\t\t<\/span>\n\t\t\t\t\t\t\t\t\t\t\t\t<a class=\"elementor-accordion-title\" tabindex=\"0\">Ressourcen<\/a>\n\t\t\t\t\t<\/div>\n\t\t\t\t\t<div id=\"elementor-tab-content-1517\" class=\"elementor-tab-content elementor-clearfix\" data-tab=\"7\" role=\"region\" aria-labelledby=\"elementor-tab-title-1517\"><ul>\n<li>Bundeszentrale f\u00fcr politische Bildung: <a href=\"https:\/\/www.bpb.de\/\" target=\"_blank\" rel=\"nofollow\">https:\/\/www.bpb.de\/<\/a> bzw. <a href=\"https:\/\/www.bpb.de\/mediathek\/reihen\/rechtsextremismus-glossar\/\" target=\"_blank\" rel=\"nofollow\">https:\/\/www.bpb.de\/mediathek\/reihen\/rechtsextremismus-glossar\/<\/a><\/li>\n<li>MUT &#8211; Mut gegen rechte Gewalt: <a href=\"https:\/\/www.mut-gegen-rechte-gewalt.de\/\" target=\"_blank\" rel=\"nofollow\">https:\/\/www.mut-gegen-rechte-gewalt.de\/<\/a><\/li>\n<li>Verfassungsschutz: <a href=\"https:\/\/verfassungsschutz.de\/\" target=\"_blank\" rel=\"nofollow\">https:\/\/verfassungsschutz.de\/<\/a><\/li><li>Friedrich Ebert Stiftung Mitte Studie: <a href=\"https:\/\/www.fes.de\/referat-demokratie-gesellschaft-und-innovation\/gegen-rechtsextremismus\/mitte-studie-2023\" target=\"_blank\" rel=\"nofollow\">https:\/\/www.fes.de\/referat-demokratie-gesellschaft-und-innovation\/gegen-rechtsextremismus\/mitte-studie-2023<\/a><\/li>\n<li>Bundesverband der Mobilen Beratung gegen Rechtsextremismus (MBR): <a href=\"https:\/\/bundesverband-mobile-beratung.de\/\" target=\"_blank\" rel=\"nofollow\">https:\/\/bundesverband-mobile-beratung.de\/<\/a><\/li>\n<\/ul><\/div>\n\t\t\t\t<\/div>\n\t\t\t\t\t\t\t\t<\/div>\n\t\t\t\t\t\t<\/div>\n\t\t\t\t<\/div>\n\t\t\t\t\t<\/div>\n\t\t<\/div>\n\t\t\t\t\t<\/div>\n\t\t<\/section>\n\t\t\t\t<\/div>\n\t\t","protected":false},"excerpt":{"rendered":"<p>Informationssammlung Auf dieser Seite sammeln wir Informationen zu Themen, die im Kontext des Blomberger B\u00fcndnisses relevant sind. Wir verzichten dabei bewusst auf eigene Formulierungen und verwenden ausschlie\u00dflich Zitate aus verl\u00e4sslichen Quellen. wissenschaftliche Definition von Rechtsextremismus Das Glossar der Bundeszentrale f\u00fcr politische Bildung erkl\u00e4rt \u00fcbersichtlich die Rahmenbedingungen von Rechtsextremismus. Es gibt [&hellip;]<\/p>\n","protected":false},"author":2,"featured_media":0,"parent":0,"menu_order":0,"comment_status":"closed","ping_status":"closed","template":"","meta":{"footnotes":""},"class_list":["post-2122","page","type-page","status-publish","hentry"],"_links":{"self":[{"href":"https:\/\/www.blomberger-buendnis.org\/index.php\/wp-json\/wp\/v2\/pages\/2122","targetHints":{"allow":["GET"]}}],"collection":[{"href":"https:\/\/www.blomberger-buendnis.org\/index.php\/wp-json\/wp\/v2\/pages"}],"about":[{"href":"https:\/\/www.blomberger-buendnis.org\/index.php\/wp-json\/wp\/v2\/types\/page"}],"author":[{"embeddable":true,"href":"https:\/\/www.blomberger-buendnis.org\/index.php\/wp-json\/wp\/v2\/users\/2"}],"replies":[{"embeddable":true,"href":"https:\/\/www.blomberger-buendnis.org\/index.php\/wp-json\/wp\/v2\/comments?post=2122"}],"version-history":[{"count":44,"href":"https:\/\/www.blomberger-buendnis.org\/index.php\/wp-json\/wp\/v2\/pages\/2122\/revisions"}],"predecessor-version":[{"id":2359,"href":"https:\/\/www.blomberger-buendnis.org\/index.php\/wp-json\/wp\/v2\/pages\/2122\/revisions\/2359"}],"wp:attachment":[{"href":"https:\/\/www.blomberger-buendnis.org\/index.php\/wp-json\/wp\/v2\/media?parent=2122"}],"curies":[{"name":"wp","href":"https:\/\/api.w.org\/{rel}","templated":true}]}}