{"id":2178,"date":"2024-01-07T20:12:33","date_gmt":"2024-01-07T19:12:33","guid":{"rendered":"https:\/\/www.blomberger-buendnis.org\/?page_id=2178"},"modified":"2024-01-21T08:13:59","modified_gmt":"2024-01-21T07:13:59","slug":"partner","status":"publish","type":"page","link":"https:\/\/www.blomberger-buendnis.org\/index.php\/partner\/","title":{"rendered":"Partner"},"content":{"rendered":"\t\t<div data-elementor-type=\"wp-page\" data-elementor-id=\"2178\" class=\"elementor elementor-2178\">\n\t\t\t\t\t\t<section class=\"elementor-section elementor-top-section elementor-element elementor-element-6160816 elementor-section-boxed elementor-section-height-default elementor-section-height-default\" data-id=\"6160816\" data-element_type=\"section\" data-e-type=\"section\">\n\t\t\t\t\t\t<div class=\"elementor-container elementor-column-gap-default\">\n\t\t\t\t\t<div class=\"elementor-column elementor-col-100 elementor-top-column elementor-element elementor-element-310096a\" data-id=\"310096a\" data-element_type=\"column\" data-e-type=\"column\">\n\t\t\t<div class=\"elementor-widget-wrap elementor-element-populated\">\n\t\t\t\t\t\t<div class=\"elementor-element elementor-element-aef51a8 elementor-widget elementor-widget-heading\" data-id=\"aef51a8\" data-element_type=\"widget\" data-e-type=\"widget\" data-widget_type=\"heading.default\">\n\t\t\t\t<div class=\"elementor-widget-container\">\n\t\t\t\t\t<h1 class=\"elementor-heading-title elementor-size-default\">Partnerschaft mit dem Blomberger B\u00fcndnis<\/h1>\t\t\t\t<\/div>\n\t\t\t\t<\/div>\n\t\t\t\t<div class=\"elementor-element elementor-element-57c69e7 elementor-widget elementor-widget-text-editor\" data-id=\"57c69e7\" data-element_type=\"widget\" data-e-type=\"widget\" data-widget_type=\"text-editor.default\">\n\t\t\t\t<div class=\"elementor-widget-container\">\n\t\t\t\t\t\t\t\t\t<p>Wenn Sie Partner des Blomberger B\u00fcndnisses werden m\u00f6chten, schicken Sie bitte eine formlose E-Mail an die Adresse info@blomberger-buendnis.org. Wir setzen uns dann mit Ihnen in Verbindung.<\/p>\t\t\t\t\t\t\t\t<\/div>\n\t\t\t\t<\/div>\n\t\t\t\t<div class=\"elementor-element elementor-element-5ff5646 elementor-widget elementor-widget-accordion\" data-id=\"5ff5646\" data-element_type=\"widget\" data-e-type=\"widget\" data-widget_type=\"accordion.default\">\n\t\t\t\t<div class=\"elementor-widget-container\">\n\t\t\t\t\t\t\t<div class=\"elementor-accordion\">\n\t\t\t\t\t\t\t<div class=\"elementor-accordion-item\">\n\t\t\t\t\t<div id=\"elementor-tab-title-1001\" class=\"elementor-tab-title\" data-tab=\"1\" role=\"button\" aria-controls=\"elementor-tab-content-1001\" aria-expanded=\"false\">\n\t\t\t\t\t\t\t\t\t\t\t\t\t<span class=\"elementor-accordion-icon elementor-accordion-icon-left\" aria-hidden=\"true\">\n\t\t\t\t\t\t\t\t\t\t\t\t\t\t\t<span class=\"elementor-accordion-icon-closed\"><i class=\"fas fa-plus\"><\/i><\/span>\n\t\t\t\t\t\t\t\t<span class=\"elementor-accordion-icon-opened\"><i class=\"fas fa-minus\"><\/i><\/span>\n\t\t\t\t\t\t\t\t\t\t\t\t\t\t<\/span>\n\t\t\t\t\t\t\t\t\t\t\t\t<a class=\"elementor-accordion-title\" tabindex=\"0\">Was bedeutet es, Partner des Blomberger B\u00fcndnisses zu sein?<\/a>\n\t\t\t\t\t<\/div>\n\t\t\t\t\t<div id=\"elementor-tab-content-1001\" class=\"elementor-tab-content elementor-clearfix\" data-tab=\"1\" role=\"region\" aria-labelledby=\"elementor-tab-title-1001\"><p>Wir als Blomberger B\u00fcndnis m\u00f6chten m\u00f6glichst viele Partner hinter unserer <a href=\"https:\/\/www.blomberger-buendnis.org\/index.php\/ueber-uns\/\">Erkl\u00e4rung<\/a> versammeln. Wir m\u00f6chten unsere D\u00f6rfer unterst\u00fctzen, solidarisch sein und zeigen, dass wir viele sind.<\/p><p>Als Partner dokumentieren Sie Ihre Unterst\u00fctzung, indem wir Ihr Logo auf unserer Website platzieren.<\/p><p>Mit einer Partnerschaft ist keine Pflicht zur regelm\u00e4\u00dfigen Mitarbeit im B\u00fcndnis verbunden. Die Teilnahme an Treffen ist jedem Partner freigestellt.<\/p><\/div>\n\t\t\t\t<\/div>\n\t\t\t\t\t\t\t<div class=\"elementor-accordion-item\">\n\t\t\t\t\t<div id=\"elementor-tab-title-1002\" class=\"elementor-tab-title\" data-tab=\"2\" role=\"button\" aria-controls=\"elementor-tab-content-1002\" aria-expanded=\"false\">\n\t\t\t\t\t\t\t\t\t\t\t\t\t<span class=\"elementor-accordion-icon elementor-accordion-icon-left\" aria-hidden=\"true\">\n\t\t\t\t\t\t\t\t\t\t\t\t\t\t\t<span class=\"elementor-accordion-icon-closed\"><i class=\"fas fa-plus\"><\/i><\/span>\n\t\t\t\t\t\t\t\t<span class=\"elementor-accordion-icon-opened\"><i class=\"fas fa-minus\"><\/i><\/span>\n\t\t\t\t\t\t\t\t\t\t\t\t\t\t<\/span>\n\t\t\t\t\t\t\t\t\t\t\t\t<a class=\"elementor-accordion-title\" tabindex=\"0\">Warum sollten Sie Partner werden?<\/a>\n\t\t\t\t\t<\/div>\n\t\t\t\t\t<div id=\"elementor-tab-content-1002\" class=\"elementor-tab-content elementor-clearfix\" data-tab=\"2\" role=\"region\" aria-labelledby=\"elementor-tab-title-1002\"><p><strong>Beziehungsweise, warum ist zivilgesellschaftliches Engagement gegen die Ausbreitung rechtsextremer Strukturen im l\u00e4ndlichen Raum so wichtig?<\/strong><\/p><p>Der l\u00e4ndliche Raum ist inzwischen h\u00e4ufig von struktureller Benachteiligung und sozialer Isolation gepr\u00e4gt \u2013 ein idealer N\u00e4hrboden f\u00fcr extrem rechte Ideologien. Gerade in unseren d\u00f6rflichen Strukturen sind wir auf Zusammenhalt und gegenseitige Unterst\u00fctzung angewiesen. Ausgrenzung und Hetze verhindern dies und spalten unsere Gemeinschaften. Deshalb ist es wichtig, extremen Ideologien und Aktivit\u00e4ten entgegenzuwirken.<br \/>Durch Information und Vernetzung wollen wir die Dorfgemeinschaften sensibilisieren, st\u00e4rken und erhalten und unsere demokratischen Werte nachhaltig sch\u00fctzen.<\/p><p>Die l\u00e4ndliche Bev\u00f6lkerung spielt eine wichtige Rolle in der gesellschaftlichen und politischen Entwicklung. Durch zivilgesellschaftliches Engagement k\u00f6nnen Menschen im l\u00e4ndlichen Raum ermutigt werden, sich aktiv an der Gestaltung ihres Gemeinwesens zu beteiligen und sich gegen extremistische Tendenzen zu positionieren.<\/p><\/div>\n\t\t\t\t<\/div>\n\t\t\t\t\t\t\t<div class=\"elementor-accordion-item\">\n\t\t\t\t\t<div id=\"elementor-tab-title-1003\" class=\"elementor-tab-title\" data-tab=\"3\" role=\"button\" aria-controls=\"elementor-tab-content-1003\" aria-expanded=\"false\">\n\t\t\t\t\t\t\t\t\t\t\t\t\t<span class=\"elementor-accordion-icon elementor-accordion-icon-left\" aria-hidden=\"true\">\n\t\t\t\t\t\t\t\t\t\t\t\t\t\t\t<span class=\"elementor-accordion-icon-closed\"><i class=\"fas fa-plus\"><\/i><\/span>\n\t\t\t\t\t\t\t\t<span class=\"elementor-accordion-icon-opened\"><i class=\"fas fa-minus\"><\/i><\/span>\n\t\t\t\t\t\t\t\t\t\t\t\t\t\t<\/span>\n\t\t\t\t\t\t\t\t\t\t\t\t<a class=\"elementor-accordion-title\" tabindex=\"0\">Warum sollte ausgerechnet mein Verein bzw. meine Organisation Partner werden?<\/a>\n\t\t\t\t\t<\/div>\n\t\t\t\t\t<div id=\"elementor-tab-content-1003\" class=\"elementor-tab-content elementor-clearfix\" data-tab=\"3\" role=\"region\" aria-labelledby=\"elementor-tab-title-1003\"><p>Weil sich Akteur:innen der extremen Rechten fr\u00fcher oder sp\u00e4ter auch in die Gestaltung Ihres Vereins oder Ihrer Organisation einmischen werden.<\/p><p>Eine Partnerschaft mit dem Blomberger B\u00fcndnis kann nichts garantieren, aber je mehr Menschen <em>jetzt<\/em> ein starkes Zeichen gegen die extreme Rechte setzen, desto unwahrscheinlicher wird eine gesellschaftliche Entwicklung in deren Sinne.<\/p><p>Ein wichtiger Punkt in Ihrem Verein bzw. Ihrer Organisation wird wahrscheinlich die Gemeinschaft sein und Sie werden sich nicht vorschreiben lassen wollen, wer dazugeh\u00f6ren &#8222;darf&#8220; und wer nicht. Auch bei Ihnen wird es Mitglieder geben, die durch die Ideologien der extremen Rechten ausgegrenzt werden.<\/p><p>Durch eine Partnerschaft im Blomberger B\u00fcndnis zeigt Ihr Verein Haltung und tr\u00e4gt zur St\u00e4rkung demokratischer Werte bei, indem Sie ein Zeichen f\u00fcr Ihre Mitglieder setzen.<\/p><\/div>\n\t\t\t\t<\/div>\n\t\t\t\t\t\t\t<div class=\"elementor-accordion-item\">\n\t\t\t\t\t<div id=\"elementor-tab-title-1004\" class=\"elementor-tab-title\" data-tab=\"4\" role=\"button\" aria-controls=\"elementor-tab-content-1004\" aria-expanded=\"false\">\n\t\t\t\t\t\t\t\t\t\t\t\t\t<span class=\"elementor-accordion-icon elementor-accordion-icon-left\" aria-hidden=\"true\">\n\t\t\t\t\t\t\t\t\t\t\t\t\t\t\t<span class=\"elementor-accordion-icon-closed\"><i class=\"fas fa-plus\"><\/i><\/span>\n\t\t\t\t\t\t\t\t<span class=\"elementor-accordion-icon-opened\"><i class=\"fas fa-minus\"><\/i><\/span>\n\t\t\t\t\t\t\t\t\t\t\t\t\t\t<\/span>\n\t\t\t\t\t\t\t\t\t\t\t\t<a class=\"elementor-accordion-title\" tabindex=\"0\">Sie m\u00f6chten sich nicht einmischen bzw. politisch positionieren?<\/a>\n\t\t\t\t\t<\/div>\n\t\t\t\t\t<div id=\"elementor-tab-content-1004\" class=\"elementor-tab-content elementor-clearfix\" data-tab=\"4\" role=\"region\" aria-labelledby=\"elementor-tab-title-1004\"><p>Insbesondere vor dem Hintergrund, dass alle politischen und weltanschaulichen Str\u00f6mungen bei Ihnen vertreten sein werden, ist dieser Gedanke vollkommen nachvollziehbar. Genau deshalb versteht sich das Blomberger B\u00fcndnis als konfessionsfrei und \u00fcberparteilich &#8211; und somit im politischen Sinne neutral.<\/p><p>Wir unterscheiden jedoch zwischen politischer Neutralit\u00e4t und einer Haltung zu demokratischen Werten auf Basis des Grundgesetzes. Letztere unterst\u00fctzen wir ausdr\u00fccklich und wollen sie f\u00f6rdern und erhalten. Eine &#8222;neutrale&#8220; Haltung in dieser Frage gibt es leider nicht &#8211; die Antwort hat aber nichts mit <i>Parteipolitik<\/i> zu tun.<\/p><\/div>\n\t\t\t\t<\/div>\n\t\t\t\t\t\t\t<div class=\"elementor-accordion-item\">\n\t\t\t\t\t<div id=\"elementor-tab-title-1005\" class=\"elementor-tab-title\" data-tab=\"5\" role=\"button\" aria-controls=\"elementor-tab-content-1005\" aria-expanded=\"false\">\n\t\t\t\t\t\t\t\t\t\t\t\t\t<span class=\"elementor-accordion-icon elementor-accordion-icon-left\" aria-hidden=\"true\">\n\t\t\t\t\t\t\t\t\t\t\t\t\t\t\t<span class=\"elementor-accordion-icon-closed\"><i class=\"fas fa-plus\"><\/i><\/span>\n\t\t\t\t\t\t\t\t<span class=\"elementor-accordion-icon-opened\"><i class=\"fas fa-minus\"><\/i><\/span>\n\t\t\t\t\t\t\t\t\t\t\t\t\t\t<\/span>\n\t\t\t\t\t\t\t\t\t\t\t\t<a class=\"elementor-accordion-title\" tabindex=\"0\">Was bietet das Blomberger B\u00fcndnis?<\/a>\n\t\t\t\t\t<\/div>\n\t\t\t\t\t<div id=\"elementor-tab-content-1005\" class=\"elementor-tab-content elementor-clearfix\" data-tab=\"5\" role=\"region\" aria-labelledby=\"elementor-tab-title-1005\"><p>Das Blomberger B\u00fcndnis kann Ihren Verein oder Ihre Organisation durch Informationen zu bestimmten Themen sensibilisieren. Diese Themen k\u00f6nnen sein:<\/p><ul><li>Wie funktioniert die Unterwanderung durch extrem rechte Akteur:innen? Welche Taktiken nutzen extrem rechte Akteur:innen?<\/li><li>Wie kann eine d\u00f6rfliche Gemeinschaft sich positiv entwickeln und wieder zusammenwachsen?<\/li><\/ul><p>Das Blomberger B\u00fcndnis kann Ihren Verein oder Ihre Organisation bei konkreten Fragen oder Problemstellungen beraten und unterst\u00fctzen. Diese k\u00f6nnen zum Beispiel sein:<\/p><ul><li>Wie geht man mit rechtsextremen \u00c4u\u00dferungen von Mitgliedern um? Wo verl\u00e4uft die Grenze zwischen einer Ansicht und einer rechtsextremen Parole?<\/li><li>Wie kann man von extrem rechten Akteur:innen ausgehende Angriffe auf die Satzung bzw. St\u00f6rungen bei Versammlungen souver\u00e4n parieren?<\/li><li>Wie geht man mit \u00c4ngsten von Mitgliedern um? Wie geht man mit unterschwelliger oder direkter Bedrohung durch extrem rechte Akteur:innen um?<\/li><\/ul><p>Das Blomberger B\u00fcndnis sieht sich als Ansprechpartner f\u00fcr alle Fragen, bei denen extrem rechte Akteur:innen eine Rolle spielen.<\/p><\/div>\n\t\t\t\t<\/div>\n\t\t\t\t\t\t\t\t<\/div>\n\t\t\t\t\t\t<\/div>\n\t\t\t\t<\/div>\n\t\t\t\t\t<\/div>\n\t\t<\/div>\n\t\t\t\t\t<\/div>\n\t\t<\/section>\n\t\t\t\t<\/div>\n\t\t","protected":false},"excerpt":{"rendered":"<p>Partnerschaft mit dem Blomberger B\u00fcndnis Wenn Sie Partner des Blomberger B\u00fcndnisses werden m\u00f6chten, schicken Sie bitte eine formlose E-Mail an die Adresse info@blomberger-buendnis.org. Wir setzen uns dann mit Ihnen in Verbindung. Was bedeutet es, Partner des Blomberger B\u00fcndnisses zu sein? Wir als Blomberger B\u00fcndnis m\u00f6chten m\u00f6glichst viele Partner hinter unserer [&hellip;]<\/p>\n","protected":false},"author":2,"featured_media":0,"parent":0,"menu_order":0,"comment_status":"closed","ping_status":"closed","template":"","meta":{"footnotes":""},"class_list":["post-2178","page","type-page","status-publish","hentry"],"_links":{"self":[{"href":"https:\/\/www.blomberger-buendnis.org\/index.php\/wp-json\/wp\/v2\/pages\/2178","targetHints":{"allow":["GET"]}}],"collection":[{"href":"https:\/\/www.blomberger-buendnis.org\/index.php\/wp-json\/wp\/v2\/pages"}],"about":[{"href":"https:\/\/www.blomberger-buendnis.org\/index.php\/wp-json\/wp\/v2\/types\/page"}],"author":[{"embeddable":true,"href":"https:\/\/www.blomberger-buendnis.org\/index.php\/wp-json\/wp\/v2\/users\/2"}],"replies":[{"embeddable":true,"href":"https:\/\/www.blomberger-buendnis.org\/index.php\/wp-json\/wp\/v2\/comments?post=2178"}],"version-history":[{"count":39,"href":"https:\/\/www.blomberger-buendnis.org\/index.php\/wp-json\/wp\/v2\/pages\/2178\/revisions"}],"predecessor-version":[{"id":2460,"href":"https:\/\/www.blomberger-buendnis.org\/index.php\/wp-json\/wp\/v2\/pages\/2178\/revisions\/2460"}],"wp:attachment":[{"href":"https:\/\/www.blomberger-buendnis.org\/index.php\/wp-json\/wp\/v2\/media?parent=2178"}],"curies":[{"name":"wp","href":"https:\/\/api.w.org\/{rel}","templated":true}]}}