{"id":2186,"date":"2024-01-09T19:22:39","date_gmt":"2024-01-09T18:22:39","guid":{"rendered":"https:\/\/www.blomberger-buendnis.org\/?page_id=2186"},"modified":"2026-01-21T06:03:25","modified_gmt":"2026-01-21T05:03:25","slug":"startseite-2024-01","status":"publish","type":"page","link":"https:\/\/www.blomberger-buendnis.org\/","title":{"rendered":"Startseite 2024-01"},"content":{"rendered":"\t\t<div data-elementor-type=\"wp-page\" data-elementor-id=\"2186\" class=\"elementor elementor-2186\">\n\t\t\t\t\t\t<section class=\"elementor-section elementor-top-section elementor-element elementor-element-6a61076 elementor-section-boxed elementor-section-height-default elementor-section-height-default\" data-id=\"6a61076\" data-element_type=\"section\" data-e-type=\"section\">\n\t\t\t\t\t\t<div class=\"elementor-container elementor-column-gap-default\">\n\t\t\t\t\t<div class=\"elementor-column elementor-col-100 elementor-top-column elementor-element elementor-element-3ca8d6f\" data-id=\"3ca8d6f\" data-element_type=\"column\" data-e-type=\"column\">\n\t\t\t<div class=\"elementor-widget-wrap elementor-element-populated\">\n\t\t\t\t\t\t<div class=\"elementor-element elementor-element-49952af elementor-widget__width-inherit elementor-widget elementor-widget-image\" data-id=\"49952af\" data-element_type=\"widget\" data-e-type=\"widget\" data-widget_type=\"image.default\">\n\t\t\t\t<div class=\"elementor-widget-container\">\n\t\t\t\t\t\t\t\t\t\t\t\t\t\t\t<img fetchpriority=\"high\" decoding=\"async\" width=\"1920\" height=\"485\" src=\"https:\/\/www.blomberger-buendnis.org\/wp-content\/uploads\/2025\/07\/cropped-Pideritplatz-gemeinsam-respektvoll-solidarisch.jpg\" class=\"attachment-2048x2048 size-2048x2048 wp-image-2656\" alt=\"Banner - gemeinsam, respektvoll, solidarisch\" srcset=\"https:\/\/www.blomberger-buendnis.org\/wp-content\/uploads\/2025\/07\/cropped-Pideritplatz-gemeinsam-respektvoll-solidarisch.jpg 1920w, https:\/\/www.blomberger-buendnis.org\/wp-content\/uploads\/2025\/07\/cropped-Pideritplatz-gemeinsam-respektvoll-solidarisch-300x76.jpg 300w, https:\/\/www.blomberger-buendnis.org\/wp-content\/uploads\/2025\/07\/cropped-Pideritplatz-gemeinsam-respektvoll-solidarisch-1024x259.jpg 1024w, https:\/\/www.blomberger-buendnis.org\/wp-content\/uploads\/2025\/07\/cropped-Pideritplatz-gemeinsam-respektvoll-solidarisch-768x194.jpg 768w, https:\/\/www.blomberger-buendnis.org\/wp-content\/uploads\/2025\/07\/cropped-Pideritplatz-gemeinsam-respektvoll-solidarisch-1536x388.jpg 1536w, https:\/\/www.blomberger-buendnis.org\/wp-content\/uploads\/2025\/07\/cropped-Pideritplatz-gemeinsam-respektvoll-solidarisch-1000x253.jpg 1000w, https:\/\/www.blomberger-buendnis.org\/wp-content\/uploads\/2025\/07\/cropped-Pideritplatz-gemeinsam-respektvoll-solidarisch-230x58.jpg 230w, https:\/\/www.blomberger-buendnis.org\/wp-content\/uploads\/2025\/07\/cropped-Pideritplatz-gemeinsam-respektvoll-solidarisch-350x88.jpg 350w, https:\/\/www.blomberger-buendnis.org\/wp-content\/uploads\/2025\/07\/cropped-Pideritplatz-gemeinsam-respektvoll-solidarisch-480x121.jpg 480w\" sizes=\"(max-width: 1920px) 100vw, 1920px\" \/>\t\t\t\t\t\t\t\t\t\t\t\t\t\t\t<\/div>\n\t\t\t\t<\/div>\n\t\t\t\t<div class=\"elementor-element elementor-element-44f85c5 elementor-widget__width-inherit elementor-widget elementor-widget-text-editor\" data-id=\"44f85c5\" data-element_type=\"widget\" data-e-type=\"widget\" data-widget_type=\"text-editor.default\">\n\t\t\t\t<div class=\"elementor-widget-container\">\n\t\t\t\t\t\t\t\t\t<h1><strong><span style=\"color: #ffffff;\">gemeinsam<\/span>&nbsp; <span style=\"color: #f18f91;\">respektvoll<\/span>&nbsp; <span style=\"color: #f8e857;\">solidarisch<\/span><\/strong><\/h1>\t\t\t\t\t\t\t\t<\/div>\n\t\t\t\t<\/div>\n\t\t\t\t\t<\/div>\n\t\t<\/div>\n\t\t\t\t\t<\/div>\n\t\t<\/section>\n\t\t\t\t<section class=\"elementor-section elementor-top-section elementor-element elementor-element-5b99c7f elementor-section-boxed elementor-section-height-default elementor-section-height-default\" data-id=\"5b99c7f\" data-element_type=\"section\" data-e-type=\"section\">\n\t\t\t\t\t\t<div class=\"elementor-container elementor-column-gap-default\">\n\t\t\t\t\t<div class=\"elementor-column elementor-col-100 elementor-top-column elementor-element elementor-element-855e0c0\" data-id=\"855e0c0\" data-element_type=\"column\" data-e-type=\"column\">\n\t\t\t<div class=\"elementor-widget-wrap elementor-element-populated\">\n\t\t\t\t\t\t<div class=\"elementor-element elementor-element-93d6972 elementor-arrows-position-inside elementor-widget elementor-widget-image-carousel\" data-id=\"93d6972\" data-element_type=\"widget\" data-e-type=\"widget\" data-settings=\"{&quot;image_spacing_custom&quot;:{&quot;unit&quot;:&quot;px&quot;,&quot;size&quot;:15,&quot;sizes&quot;:[]},&quot;autoplay_speed&quot;:3000,&quot;navigation&quot;:&quot;arrows&quot;,&quot;autoplay&quot;:&quot;yes&quot;,&quot;pause_on_hover&quot;:&quot;yes&quot;,&quot;pause_on_interaction&quot;:&quot;yes&quot;,&quot;infinite&quot;:&quot;yes&quot;,&quot;speed&quot;:500,&quot;image_spacing_custom_tablet&quot;:{&quot;unit&quot;:&quot;px&quot;,&quot;size&quot;:&quot;&quot;,&quot;sizes&quot;:[]},&quot;image_spacing_custom_mobile&quot;:{&quot;unit&quot;:&quot;px&quot;,&quot;size&quot;:&quot;&quot;,&quot;sizes&quot;:[]}}\" data-widget_type=\"image-carousel.default\">\n\t\t\t\t<div class=\"elementor-widget-container\">\n\t\t\t\t\t\t\t<div class=\"elementor-image-carousel-wrapper swiper\" role=\"region\" aria-roledescription=\"carousel\" aria-label=\"Bild Karussell\" dir=\"ltr\">\n\t\t\t<div class=\"elementor-image-carousel swiper-wrapper\" aria-live=\"off\">\n\t\t\t\t\t\t\t\t<div class=\"swiper-slide\" role=\"group\" aria-roledescription=\"slide\" aria-label=\"1 von 24\"><figure class=\"swiper-slide-inner\"><img decoding=\"async\" class=\"swiper-slide-image\" src=\"https:\/\/www.blomberger-buendnis.org\/wp-content\/uploads\/elementor\/thumbs\/Logo-Ziegler-Handwerker-Tintrup-qegx4mvncu1huhivysoine9u0v661mph1ovo1k7rpc.png\" alt=\"Logo Ziegler- und Handwerkerverein Tintrup 1909 e.\u00a0V.\" \/><figcaption class=\"elementor-image-carousel-caption\">Ziegler- und Handwerkerverein<br>\nTintrup 1909 e.&nbsp;V.<\/figcaption><\/figure><\/div><div class=\"swiper-slide\" role=\"group\" aria-roledescription=\"slide\" aria-label=\"2 von 24\"><figure class=\"swiper-slide-inner\"><img decoding=\"async\" class=\"swiper-slide-image\" src=\"https:\/\/www.blomberger-buendnis.org\/wp-content\/uploads\/elementor\/thumbs\/Logo-Heimatverein-Blomberg-qegx6tu3ax1kxqc75qt6gucjx8d007excjogcsyp6o.jpg\" alt=\"Logo Heimatverein Blomberg e. V.\" \/><figcaption class=\"elementor-image-carousel-caption\">Heimatverein<br>\nBlomberg e.&nbsp;V.<\/figcaption><\/figure><\/div><div class=\"swiper-slide\" role=\"group\" aria-roledescription=\"slide\" aria-label=\"3 von 24\"><figure class=\"swiper-slide-inner\"><img decoding=\"async\" class=\"swiper-slide-image\" src=\"https:\/\/www.blomberger-buendnis.org\/wp-content\/uploads\/elementor\/thumbs\/Logo-Omas-gegen-Rechts-qexaulnfg49ilvtbvkduu36qq7ddss77w9kvn6c0lc.jpg\" alt=\"Logo OMAS GEGEN RECHTS Detmold\" \/><figcaption class=\"elementor-image-carousel-caption\">OMAS GEGEN RECHTS<br>\nDetmold<\/figcaption><\/figure><\/div><div class=\"swiper-slide\" role=\"group\" aria-roledescription=\"slide\" aria-label=\"4 von 24\"><figure class=\"swiper-slide-inner\"><img decoding=\"async\" class=\"swiper-slide-image\" src=\"https:\/\/www.blomberger-buendnis.org\/wp-content\/uploads\/elementor\/thumbs\/Logo-Ev-ref-KG-Reelkirchen-qegx6xlg296q866qjsfoqteearuguztup2ae9wt4hs.png\" alt=\"Logo Ev.-ref. Kirchengemeinde Reelkirchen\" \/><figcaption class=\"elementor-image-carousel-caption\">Evangelisch-reformierte Kirchengemeinde<br>\nReelkirchen<\/figcaption><\/figure><\/div><div class=\"swiper-slide\" role=\"group\" aria-roledescription=\"slide\" aria-label=\"5 von 24\"><figure class=\"swiper-slide-inner\"><img decoding=\"async\" class=\"swiper-slide-image\" src=\"https:\/\/www.blomberger-buendnis.org\/wp-content\/uploads\/elementor\/thumbs\/Logo-TV-Reelkirchen-qegx4wa196ed2l58fwqscbwfypvu6lqsezeiubttz4.png\" alt=\"Logo Turnverein &quot;Deutsche Eiche&quot; von 1906 Reelkirchen e. V.\" \/><figcaption class=\"elementor-image-carousel-caption\">Turnverein \"Deutsche Eiche\"<br>\nvon 1906 Reelkirchen e.&nbsp;V.<\/figcaption><\/figure><\/div><div class=\"swiper-slide\" role=\"group\" aria-roledescription=\"slide\" aria-label=\"6 von 24\"><figure class=\"swiper-slide-inner\"><img decoding=\"async\" class=\"swiper-slide-image\" src=\"https:\/\/www.blomberger-buendnis.org\/wp-content\/uploads\/elementor\/thumbs\/Logo-SoLaWi-Dalborn-qegxq7ac5zkc8e7414acuyckp4vcnmbrcfqqg48kxs.png\" alt=\"Logo Solidarische Landwirtschaft Dalborn e. V.\" \/><figcaption class=\"elementor-image-carousel-caption\">Solidarische Landwirtschaft<br>\nDalborn e.&nbsp;V.<\/figcaption><\/figure><\/div><div class=\"swiper-slide\" role=\"group\" aria-roledescription=\"slide\" aria-label=\"7 von 24\"><figure class=\"swiper-slide-inner\"><img decoding=\"async\" class=\"swiper-slide-image\" src=\"https:\/\/www.blomberger-buendnis.org\/wp-content\/uploads\/elementor\/thumbs\/Logo-TC-Herrentrup-qfnltja1ts6lc4twrk5uzcymsxhvraugaq1yrjd69s.jpg\" alt=\"Logo TC &quot;Blau-Wei\u00df&quot; Herrentrup von 1987 e. V.\" \/><figcaption class=\"elementor-image-carousel-caption\">TC \"Blau-Wei\u00df\" Herrentrup<br>\nvon 1987 e.&nbsp;V.<\/figcaption><\/figure><\/div><div class=\"swiper-slide\" role=\"group\" aria-roledescription=\"slide\" aria-label=\"8 von 24\"><figure class=\"swiper-slide-inner\"><img decoding=\"async\" class=\"swiper-slide-image\" src=\"https:\/\/www.blomberger-buendnis.org\/wp-content\/uploads\/elementor\/thumbs\/Logo-Ev-ref-KG-Blomberg-scaled-qegx7k5kma1lyt9yw26qenpgk0r9zqbes5y1sjvocg.jpg\" alt=\"Logo Ev.-ref. Kirchengemeinde Blomberg\" \/><figcaption class=\"elementor-image-carousel-caption\">Evangelisch\u2013reformierte Kirchengemeinde<br>\nBlomberg<\/figcaption><\/figure><\/div><div class=\"swiper-slide\" role=\"group\" aria-roledescription=\"slide\" aria-label=\"9 von 24\"><figure class=\"swiper-slide-inner\"><img decoding=\"async\" class=\"swiper-slide-image\" src=\"https:\/\/www.blomberger-buendnis.org\/wp-content\/uploads\/elementor\/thumbs\/Logo-KSV-Blomberg-qqbaurx0f4a8tdijnxalc76hysphcd9bsy02gxb20w.png\" alt=\"Logo Kinderschutz Verein Blomberg e. V.\" \/><figcaption class=\"elementor-image-carousel-caption\">Kinderschutz Verein<br>\nBlomberg e.&nbsp;V.<\/figcaption><\/figure><\/div><div class=\"swiper-slide\" role=\"group\" aria-roledescription=\"slide\" aria-label=\"10 von 24\"><figure class=\"swiper-slide-inner\"><img decoding=\"async\" class=\"swiper-slide-image\" src=\"https:\/\/www.blomberger-buendnis.org\/wp-content\/uploads\/elementor\/thumbs\/Logo-Naturfreunde-Ortsgruppe-Detmold-qfhr5rrdcekxggo6mfpaq3h6iwwmgttrmkp5g7w074.jpg\" alt=\"Logo Naturfreunde Deutschlands Ortsgruppe Detmold e. V.\" \/><figcaption class=\"elementor-image-carousel-caption\">Naturfreunde Deutschlands<br>\nOrtsgruppe Detmold e.&nbsp;V.<\/figcaption><\/figure><\/div><div class=\"swiper-slide\" role=\"group\" aria-roledescription=\"slide\" aria-label=\"11 von 24\"><figure class=\"swiper-slide-inner\"><img decoding=\"async\" class=\"swiper-slide-image\" src=\"https:\/\/www.blomberger-buendnis.org\/wp-content\/uploads\/elementor\/thumbs\/Logo-Fromhausen-for-Friends-qiq3idf9uxuw7nfnt6idk4xgu2ifpsd419hh73zk74.jpg\" alt=\"Logo Aktionsb\u00fcndnisses f\u00fcr ein gewaltfreies Miteinander\" \/><figcaption class=\"elementor-image-carousel-caption\">Aktionsb\u00fcndnisses f\u00fcr<br>\nein gewaltfreies Miteinander<\/figcaption><\/figure><\/div><div class=\"swiper-slide\" role=\"group\" aria-roledescription=\"slide\" aria-label=\"12 von 24\"><figure class=\"swiper-slide-inner\"><img decoding=\"async\" class=\"swiper-slide-image\" src=\"https:\/\/www.blomberger-buendnis.org\/wp-content\/uploads\/elementor\/thumbs\/Logo-Ackerbildung-qegx7tjyimeh6wwbd6903lc2hvgy4pcq5ggwlbhqm8.jpg\" alt=\"Logo AckerBildung e.\u00a0V.\" \/><figcaption class=\"elementor-image-carousel-caption\">AckerBildung e.&nbsp;V.<br>\r\n&nbsp;<\/figcaption><\/figure><\/div><div class=\"swiper-slide\" role=\"group\" aria-roledescription=\"slide\" aria-label=\"13 von 24\"><figure class=\"swiper-slide-inner\"><img decoding=\"async\" class=\"swiper-slide-image\" src=\"https:\/\/www.blomberger-buendnis.org\/wp-content\/uploads\/elementor\/thumbs\/Logo-Dorfgemeinschaft-Cappel-qg1lcmxhfetgni7d83kta1rpebbk7w6jvjn10e4r28.jpg\" alt=\"Logo Dorfgemeinschaft Cappel e. V.\" \/><figcaption class=\"elementor-image-carousel-caption\">Dorfgemeinschaft<br>\nCappel e.&nbsp;V.<\/figcaption><\/figure><\/div><div class=\"swiper-slide\" role=\"group\" aria-roledescription=\"slide\" aria-label=\"14 von 24\"><figure class=\"swiper-slide-inner\"><img decoding=\"async\" class=\"swiper-slide-image\" src=\"https:\/\/www.blomberger-buendnis.org\/wp-content\/uploads\/elementor\/thumbs\/Logo-GfcjZ-Lippe-qegx6vprol45ky9gurmfltvh403qflme0szfbcvwu8.png\" alt=\"Logo Gesellschaft f\u00fcr Christlich-J\u00fcdische Zusammenarbeit in Lippe e. V.\" \/><figcaption class=\"elementor-image-carousel-caption\">Gesellschaft f\u00fcr Christlich-J\u00fcdische<br>\nZusammenarbeit in Lippe e.&nbsp;V.<\/figcaption><\/figure><\/div><div class=\"swiper-slide\" role=\"group\" aria-roledescription=\"slide\" aria-label=\"15 von 24\"><figure class=\"swiper-slide-inner\"><img decoding=\"async\" class=\"swiper-slide-image\" src=\"https:\/\/www.blomberger-buendnis.org\/wp-content\/uploads\/elementor\/thumbs\/Logo-Dorfgemeinschaft-Wellentrup-r5exexlsnqnaqpmjza8exy09xby27sul2yjqs4lb7k.png\" alt=\"Logo Dorfgemeinschaft Wellentrup\" \/><figcaption class=\"elementor-image-carousel-caption\">Dorfgemeinschaft<br>\nWellentrup<\/figcaption><\/figure><\/div><div class=\"swiper-slide\" role=\"group\" aria-roledescription=\"slide\" aria-label=\"16 von 24\"><figure class=\"swiper-slide-inner\"><img decoding=\"async\" class=\"swiper-slide-image\" src=\"https:\/\/www.blomberger-buendnis.org\/wp-content\/uploads\/elementor\/thumbs\/Logo-NABU-Lippe-AG-Blomberg-qegx6eso9kgzryy1lkb5cy56f2f4l1r7yh8oodkzy8.png\" alt=\"Logo NABU Lippe e. V. Arbeitsgruppe Blomberg\" \/><figcaption class=\"elementor-image-carousel-caption\">NABU Lippe e.&nbsp;V.<br>\nArbeitsgruppe Blomberg<\/figcaption><\/figure><\/div><div class=\"swiper-slide\" role=\"group\" aria-roledescription=\"slide\" aria-label=\"17 von 24\"><figure class=\"swiper-slide-inner\"><img decoding=\"async\" class=\"swiper-slide-image\" src=\"https:\/\/www.blomberger-buendnis.org\/wp-content\/uploads\/elementor\/thumbs\/Logo-Ev-luth-KG-Blomberg-qegx7tjyimeh6wwbd6903lc2hvgy4pcq5ggwlbhqm8.png\" alt=\"Logo Ev.-luth. Kirchengemeinde Blomberg\" \/><figcaption class=\"elementor-image-carousel-caption\">Evangelisch-lutherische Kirchengemeinde<br>\nBlomberg<\/figcaption><\/figure><\/div><div class=\"swiper-slide\" role=\"group\" aria-roledescription=\"slide\" aria-label=\"18 von 24\"><figure class=\"swiper-slide-inner\"><img decoding=\"async\" class=\"swiper-slide-image\" src=\"https:\/\/www.blomberger-buendnis.org\/wp-content\/uploads\/elementor\/thumbs\/Logo-Forum-Offenes-Detmold-qexau4qc13mcswhwmd2kl7gg19ory8c1txu50713pc.jpg\" alt=\"Logo Forum Offenes Detmold\" \/><figcaption class=\"elementor-image-carousel-caption\">Forum<br>\nOffenes Detmold<\/figcaption><\/figure><\/div><div class=\"swiper-slide\" role=\"group\" aria-roledescription=\"slide\" aria-label=\"19 von 24\"><figure class=\"swiper-slide-inner\"><img decoding=\"async\" class=\"swiper-slide-image\" src=\"https:\/\/www.blomberger-buendnis.org\/wp-content\/uploads\/elementor\/thumbs\/Logo-Ev-ref-KG-Cappel-Istrup-qegx76ztyljlg9t30whyfr108mk4zyv62ct92of6rk.png\" alt=\"Logo Ev.-ref. Kirchengemeinde Cappel-Istrup\" \/><figcaption class=\"elementor-image-carousel-caption\">Evangelisch-reformierte Kirchengemeinde<br>\nCappel-Istrup<\/figcaption><\/figure><\/div><div class=\"swiper-slide\" role=\"group\" aria-roledescription=\"slide\" aria-label=\"20 von 24\"><figure class=\"swiper-slide-inner\"><img decoding=\"async\" class=\"swiper-slide-image\" src=\"https:\/\/www.blomberger-buendnis.org\/wp-content\/uploads\/elementor\/thumbs\/Logo-SV-Cappel-qegx679yqw6p738yth24t01hnzg6vgxd9g0su5w5c0.png\" alt=\"Logo SV Cappel von 1930 e. V.\" \/><figcaption class=\"elementor-image-carousel-caption\">SV Cappel<br>\r\nvon 1930 e.&nbsp;V.<\/figcaption><\/figure><\/div><div class=\"swiper-slide\" role=\"group\" aria-roledescription=\"slide\" aria-label=\"21 von 24\"><figure class=\"swiper-slide-inner\"><img decoding=\"async\" class=\"swiper-slide-image\" src=\"https:\/\/www.blomberger-buendnis.org\/wp-content\/uploads\/elementor\/thumbs\/Logo-TV-Herrentrup-qegx5xvkujttyzmmcczv42evq4qiqhw1w5hy1ea328.png\" alt=\"Logo TV Einigkeit Herrentrup von 1905 e. V.\" \/><figcaption class=\"elementor-image-carousel-caption\">TV Einigkeit Herrentrup<br>\r\nvon 1905 e.&nbsp;V.<\/figcaption><\/figure><\/div><div class=\"swiper-slide\" role=\"group\" aria-roledescription=\"slide\" aria-label=\"22 von 24\"><figure class=\"swiper-slide-inner\"><img decoding=\"async\" class=\"swiper-slide-image\" src=\"https:\/\/www.blomberger-buendnis.org\/wp-content\/uploads\/elementor\/thumbs\/Logo-Zusammen-Leben-qel9sxbh3z68n4osmucmi379sewe9i9n6j8tutauww.jpg\" alt=\"Logo Zusammen! Leben! Information - miteinander reden und aktiv werden\" \/><figcaption class=\"elementor-image-carousel-caption\">Zusammen! Leben!<br>\nInformation - miteinander reden und aktiv werden<\/figcaption><\/figure><\/div><div class=\"swiper-slide\" role=\"group\" aria-roledescription=\"slide\" aria-label=\"23 von 24\"><figure class=\"swiper-slide-inner\"><img decoding=\"async\" class=\"swiper-slide-image\" src=\"https:\/\/www.blomberger-buendnis.org\/wp-content\/uploads\/elementor\/thumbs\/Logo-Ziegler-Handwerker-Cappel-Mossenberg-Woehren-qg1le7bstgyo03xg2ryffnjd1fll1qeg3as5szt4ow.jpg\" alt=\"Logo Ziegler- und Handwerkerverein Cappel \u2013 Mossenberg \u2013 W\u00f6hren\" \/><figcaption class=\"elementor-image-carousel-caption\">Ziegler- und Handwerkerverein<br>\nCappel&nbsp;\u2013&nbsp;Mossenberg&nbsp;\u2013&nbsp;W\u00f6hren<\/figcaption><\/figure><\/div><div class=\"swiper-slide\" role=\"group\" aria-roledescription=\"slide\" aria-label=\"24 von 24\"><figure class=\"swiper-slide-inner\"><img decoding=\"async\" class=\"swiper-slide-image\" src=\"https:\/\/www.blomberger-buendnis.org\/wp-content\/uploads\/elementor\/thumbs\/Logo-ALZ-Ostlippe-qivnd7a2g71c3wjl26oa3joocg440xc5wd1hso54w0.jpg\" alt=\"Logo ALZ \u2013 Arbeitslosenzentrum Ostlippe\" \/><figcaption class=\"elementor-image-carousel-caption\">ALZ \u2013 Arbeitslosen-<br>\nzentrum Ostlippe<\/figcaption><\/figure><\/div>\t\t\t<\/div>\n\t\t\t\t\t\t\t\t\t\t\t\t<div class=\"elementor-swiper-button elementor-swiper-button-prev\" role=\"button\" tabindex=\"0\">\n\t\t\t\t\t\t<i aria-hidden=\"true\" class=\"eicon-chevron-left\"><\/i>\t\t\t\t\t<\/div>\n\t\t\t\t\t<div class=\"elementor-swiper-button elementor-swiper-button-next\" role=\"button\" tabindex=\"0\">\n\t\t\t\t\t\t<i aria-hidden=\"true\" class=\"eicon-chevron-right\"><\/i>\t\t\t\t\t<\/div>\n\t\t\t\t\n\t\t\t\t\t\t\t\t\t<\/div>\n\t\t\t\t\t\t<\/div>\n\t\t\t\t<\/div>\n\t\t\t\t<div class=\"elementor-element elementor-element-7308a92 elementor-widget-divider--view-line elementor-widget elementor-widget-divider\" data-id=\"7308a92\" data-element_type=\"widget\" data-e-type=\"widget\" data-widget_type=\"divider.default\">\n\t\t\t\t<div class=\"elementor-widget-container\">\n\t\t\t\t\t\t\t<div class=\"elementor-divider\">\n\t\t\t<span class=\"elementor-divider-separator\">\n\t\t\t\t\t\t<\/span>\n\t\t<\/div>\n\t\t\t\t\t\t<\/div>\n\t\t\t\t<\/div>\n\t\t\t\t<div class=\"elementor-element elementor-element-679b7f0 elementor-widget elementor-widget-text-editor\" data-id=\"679b7f0\" data-element_type=\"widget\" data-e-type=\"widget\" data-widget_type=\"text-editor.default\">\n\t\t\t\t<div class=\"elementor-widget-container\">\n\t\t\t\t\t\t\t\t\t<p>Das <a href=\"https:\/\/www.blomberger-buendnis.org\/index.php\/ueber-uns\/\"><strong>Blomberger B\u00fcndnis<\/strong><\/a> ist eine zivilgesellschaftliche, \u00fcberparteiliche Initiative zur St\u00e4rkung des l\u00e4ndlichen Raumes.<\/p>\n<p>Die ersten Monate unserer B\u00fcndnisarbeit haben gezeigt, dass das Informationsbed\u00fcrfnis zu Taktiken der extremen Rechten in der Blomberger Bev\u00f6lkerung gro\u00df ist. Gerade in d\u00f6rflichen Strukturen sind die Menschen auf Zusammenhalt und gegenseitige Unterst\u00fctzung angewiesen. Ausgrenzung und Hetze verhindern dies und spalten unsere Gemeinschaften. Mit unserem B\u00fcndnis wollen wir gemeinsam unseren l\u00e4ndlichen Raum st\u00e4rken.<\/p>\n<p>Die breite Unterst\u00fctzung des Blomberger B\u00fcndnisses durch die Bev\u00f6lkerung zeigt, wie wichtig das Thema in der j\u00fcngster Zeit geworden ist. Wie wir in Zukunft auf dem Land leben wollen, trifft als Frage offensichtlich einen Nerv. Positive Antworten darauf zu finden, ist ein fortlaufender Prozess, den wir mitgestalten und unterst\u00fctzen m\u00f6chten. Die vielen kleinen und gro\u00dfen Ideen, von denen wir bisher schon erfahren haben, stimmen uns zuversichtlich, dass dies auch gelingen wird.<\/p>\n<p><a href=\"https:\/\/www.blomberger-buendnis.org\/index.php\/partner\/\"><strong>Wir gemeinsam als Blomberger B\u00fcndnis!<\/strong><\/a><\/p>\t\t\t\t\t\t\t\t<\/div>\n\t\t\t\t<\/div>\n\t\t\t\t\t<\/div>\n\t\t<\/div>\n\t\t\t\t\t<\/div>\n\t\t<\/section>\n\t\t\t\t<\/div>\n\t\t","protected":false},"excerpt":{"rendered":"<p>gemeinsam&nbsp; respektvoll&nbsp; solidarisch Ziegler- und Handwerkerverein Tintrup 1909 e.&nbsp;V. Heimatverein Blomberg e.&nbsp;V. OMAS GEGEN RECHTS Detmold Evangelisch-reformierte Kirchengemeinde Reelkirchen Turnverein &#8222;Deutsche Eiche&#8220; von 1906 Reelkirchen e.&nbsp;V. Solidarische Landwirtschaft Dalborn e.&nbsp;V. TC &#8222;Blau-Wei\u00df&#8220; Herrentrup von 1987 e.&nbsp;V. Evangelisch\u2013reformierte Kirchengemeinde Blomberg Kinderschutz Verein Blomberg e.&nbsp;V. Naturfreunde Deutschlands Ortsgruppe Detmold e.&nbsp;V. Aktionsb\u00fcndnisses f\u00fcr [&hellip;]<\/p>\n","protected":false},"author":2,"featured_media":0,"parent":0,"menu_order":0,"comment_status":"closed","ping_status":"closed","template":"","meta":{"footnotes":""},"class_list":["post-2186","page","type-page","status-publish","hentry"],"_links":{"self":[{"href":"https:\/\/www.blomberger-buendnis.org\/index.php\/wp-json\/wp\/v2\/pages\/2186","targetHints":{"allow":["GET"]}}],"collection":[{"href":"https:\/\/www.blomberger-buendnis.org\/index.php\/wp-json\/wp\/v2\/pages"}],"about":[{"href":"https:\/\/www.blomberger-buendnis.org\/index.php\/wp-json\/wp\/v2\/types\/page"}],"author":[{"embeddable":true,"href":"https:\/\/www.blomberger-buendnis.org\/index.php\/wp-json\/wp\/v2\/users\/2"}],"replies":[{"embeddable":true,"href":"https:\/\/www.blomberger-buendnis.org\/index.php\/wp-json\/wp\/v2\/comments?post=2186"}],"version-history":[{"count":154,"href":"https:\/\/www.blomberger-buendnis.org\/index.php\/wp-json\/wp\/v2\/pages\/2186\/revisions"}],"predecessor-version":[{"id":2682,"href":"https:\/\/www.blomberger-buendnis.org\/index.php\/wp-json\/wp\/v2\/pages\/2186\/revisions\/2682"}],"wp:attachment":[{"href":"https:\/\/www.blomberger-buendnis.org\/index.php\/wp-json\/wp\/v2\/media?parent=2186"}],"curies":[{"name":"wp","href":"https:\/\/api.w.org\/{rel}","templated":true}]}}